{"id":614,"date":"2019-01-22T12:22:02","date_gmt":"2019-01-22T11:22:02","guid":{"rendered":"http:\/\/heidis-kuchenkreationen.com\/wordpress\/?page_id=614"},"modified":"2026-05-07T15:40:03","modified_gmt":"2026-05-07T13:40:03","slug":"tortenfuellungen","status":"publish","type":"page","link":"https:\/\/heidis-kuchenkreationen.de\/wordpress\/tortenfuellungen\/","title":{"rendered":"Tortenf\u00fcllungen"},"content":{"rendered":"[et_pb_section fb_built=&#8220;1&#8243; admin_label=&#8220;section&#8220; _builder_version=&#8220;4.16&#8243; background_color=&#8220;rgba(12,113,195,0.15)&#8220; global_colors_info=&#8220;{}&#8220;][et_pb_row admin_label=&#8220;row&#8220; _builder_version=&#8220;4.16&#8243; custom_padding=&#8220;25.1042px|0px|0|0px|false|false&#8220; global_colors_info=&#8220;{}&#8220;][et_pb_column type=&#8220;4_4&#8243; _builder_version=&#8220;4.16&#8243; custom_padding=&#8220;|||&#8220; global_colors_info=&#8220;{}&#8220; custom_padding__hover=&#8220;|||&#8220;][et_pb_text _builder_version=&#8220;4.16&#8243; header_font=&#8220;Alex Brush|700|||||||&#8220; header_text_align=&#8220;left&#8220; header_text_color=&#8220;#c88bda&#8220; header_font_size=&#8220;50px&#8220; header_letter_spacing=&#8220;4px&#8220; header_line_height=&#8220;0.9em&#8220; max_width=&#8220;60%&#8220; module_alignment=&#8220;center&#8220; custom_padding=&#8220;20px||&#8220; border_radii=&#8220;on|30px|30px|30px|30px&#8220; border_width_all=&#8220;5px&#8220; border_color_all=&#8220;rgba(37,209,221,0.28)&#8220; border_style_all=&#8220;groove&#8220; global_colors_info=&#8220;{}&#8220;]<h1 style=\"text-align: center;\">Tortenf\u00fcllungen<\/h1>[\/et_pb_text][et_pb_text _builder_version=&#8220;4.20.2&#8243; text_font=&#8220;|600|||||||&#8220; text_text_color=&#8220;#000000&#8243; text_font_size=&#8220;20px&#8220; text_line_height=&#8220;1.8em&#8220; use_background_color_gradient=&#8220;on&#8220; background_color_gradient_type=&#8220;circular&#8220; background_color_gradient_stops=&#8220;#12,113,195,0.15 0%|rgba(255,255,255,0) 100%&#8220; background_color_gradient_start=&#8220;#12,113,195,0.15&#8243; background_color_gradient_end=&#8220;rgba(255,255,255,0)&#8220; min_height=&#8220;95px&#8220; global_colors_info=&#8220;{}&#8220;]<p>&nbsp;<\/p>\n<p style=\"text-align: center;\">Meine Torten bestehen aus Vanillebiscuit und Schokobiscuit.<\/p>\n<p style=\"text-align: center;\">F\u00fcr meine Motivtorten verwende ich eine leichte Buttercremef\u00fcllung mit folgenden Geschmacksrichtungen:<\/p>\n<p><!-- \/wp:post-content --><\/p>\n<p><!-- \/wp:paragraph --><\/p>\n<p>&nbsp;<\/p>\n<h3><!-- \/wp:paragraph --><\/h3>\n<h3><!-- wp:list --><\/h3>[\/et_pb_text][et_pb_text _builder_version=&#8220;4.27.2&#8243; text_font=&#8220;|600|||||||&#8220; text_font_size=&#8220;25px&#8220; header_font=&#8220;||||||||&#8220; header_2_font=&#8220;|600|||on||||&#8220; background_color=&#8220;#ffffff&#8220; module_alignment=&#8220;center&#8220; custom_padding=&#8220;15px|||15px&#8220; border_width_all=&#8220;10px&#8220; border_color_all=&#8220;rgba(191,191,191,0.27)&#8220; border_style_all=&#8220;groove&#8220; box_shadow_style=&#8220;preset2&#8243; box_shadow_horizontal=&#8220;19px&#8220; box_shadow_vertical=&#8220;24px&#8220; box_shadow_blur=&#8220;29px&#8220; global_colors_info=&#8220;{}&#8220;]<h1 style=\"text-align: center;\"><span style=\"text-decoration: underline;\"><strong>Buttercremef\u00fcllungen<\/strong><\/span><\/h1>\n<p><strong><\/strong><\/p>\n<p><strong><\/strong><\/p>\n<p><strong><\/strong><\/p>\n<p><strong><\/strong><\/p>\n<p><strong>Vanille\u00a0 \u00a0 \u00a0 \u00a0 \u00a0 \u00a0 \u00a0 \u00a0 \u00a0 \u00a0 \u00a0 \u00a0 \u00a0 \u00a0 \u00a0 \u00a0 \u00a0 \u00a0 \u00a0 \u00a0 \u00a0 \u00a0 \u00a0 \u00a0 \u00a0 \u00a0 \u00a0 \u00a0 \u00a0 \u00a0 \u00a0 \u00a0 Schoko<\/strong><\/p>\n<p><strong>Vanille Nu\u00df\u00a0 \u00a0 \u00a0 \u00a0 \u00a0 \u00a0 \u00a0 \u00a0 \u00a0 \u00a0 \u00a0 \u00a0 \u00a0 \u00a0 \u00a0 \u00a0 \u00a0 \u00a0 \u00a0 \u00a0 \u00a0 \u00a0 \u00a0 \u00a0 \u00a0 \u00a0 \u00a0 \u00a0Schoko Nu\u00df<\/strong><\/p>\n<p><strong>Vanille mit Schokost\u00fcckchen\u00a0 \u00a0 \u00a0 \u00a0 \u00a0 \u00a0 \u00a0 \u00a0 \u00a0 \u00a0 \u00a0 Schoko mit Schokost\u00fcckchen<\/strong><\/p>\n<p><strong>wei\u00dfe Schokolade\u00a0 \u00a0 \u00a0 \u00a0 \u00a0 \u00a0 \u00a0 \u00a0 \u00a0 \u00a0 \u00a0 \u00a0 \u00a0 \u00a0 \u00a0 \u00a0 \u00a0 \u00a0 \u00a0 \u00a0 \u00a0 \u00a0Nu\u00df Nougat<\/strong><\/p>\n<p><strong><\/strong><\/p>\n<p><strong>Mocca\u00a0 \u00a0 \u00a0 \u00a0 \u00a0 \u00a0 \u00a0 \u00a0 \u00a0 \u00a0 \u00a0 \u00a0 \u00a0 \u00a0 \u00a0 \u00a0 \u00a0 \u00a0 \u00a0 \u00a0 \u00a0 \u00a0 \u00a0 \u00a0 \u00a0 \u00a0 \u00a0 \u00a0 \u00a0 \u00a0 \u00a0 \u00a0 \u00a0 Eierlik\u00f6r<\/strong><\/p>\n<p><strong>Cappuccino\u00a0 \u00a0 \u00a0 \u00a0 \u00a0 \u00a0 \u00a0 \u00a0 \u00a0 \u00a0 \u00a0 \u00a0 \u00a0 \u00a0 \u00a0 \u00a0 \u00a0 \u00a0 \u00a0 \u00a0 \u00a0 \u00a0 \u00a0 \u00a0 \u00a0 \u00a0 \u00a0 \u00a0 Bailys<\/strong><\/p>\n<p><strong>Irish Coffee<\/strong><\/p>\n<p><strong><\/strong><\/p>\n<p><strong>Raffaello\u00a0 \u00a0 \u00a0 \u00a0 \u00a0 \u00a0 \u00a0 \u00a0 \u00a0 \u00a0 \u00a0 \u00a0 \u00a0 \u00a0 \u00a0 \u00a0 \u00a0 \u00a0 \u00a0 \u00a0 \u00a0 \u00a0 \u00a0 \u00a0 \u00a0 \u00a0 \u00a0 \u00a0 \u00a0 \u00a0 \u00a0Kinderschokolade<\/strong><\/p>\n<p><strong>Giotto\u00a0 \u00a0 \u00a0 \u00a0 \u00a0 \u00a0 \u00a0 \u00a0 \u00a0 \u00a0 \u00a0 \u00a0 \u00a0 \u00a0 \u00a0 \u00a0 \u00a0 \u00a0 \u00a0 \u00a0 \u00a0 \u00a0 \u00a0 \u00a0 \u00a0 \u00a0 \u00a0 \u00a0 \u00a0 \u00a0 \u00a0 \u00a0 \u00a0 Schokobons<\/strong><\/p>\n<p><strong>Rocher\u00a0 \u00a0 \u00a0 \u00a0 \u00a0 \u00a0 \u00a0 \u00a0 \u00a0 \u00a0 \u00a0 \u00a0 \u00a0 \u00a0 \u00a0 \u00a0 \u00a0 \u00a0 \u00a0 \u00a0 \u00a0 \u00a0 \u00a0 \u00a0 \u00a0 \u00a0 \u00a0 \u00a0 \u00a0 \u00a0 \u00a0 \u00a0 \u00a0Bueno<\/strong><\/p>\n<p><strong>After eight\u00a0 \u00a0 \u00a0 \u00a0 \u00a0 \u00a0 \u00a0 \u00a0 \u00a0 \u00a0 \u00a0 \u00a0 \u00a0 \u00a0 \u00a0 \u00a0 \u00a0 \u00a0 \u00a0 \u00a0 \u00a0 \u00a0 \u00a0 \u00a0 \u00a0 \u00a0 \u00a0 \u00a0 \u00a0 Maxi King<\/strong><\/p>\n<p><strong>Oreo\u00a0 \u00a0 \u00a0 \u00a0 \u00a0 \u00a0 \u00a0 \u00a0 \u00a0 \u00a0 \u00a0 \u00a0 \u00a0 \u00a0 \u00a0 \u00a0 \u00a0 \u00a0 \u00a0 \u00a0 \u00a0 \u00a0 \u00a0 \u00a0 \u00a0 \u00a0 \u00a0 \u00a0 \u00a0 \u00a0 \u00a0 \u00a0 \u00a0 \u00a0 \u00a0Duplo<\/strong><\/p>\n<p><strong>Yogurette<\/strong><\/p>\n<p><strong><\/strong><\/p>\n<p><strong>Pfirsich-Maracuja\u00a0 \u00a0 \u00a0 \u00a0 \u00a0 \u00a0 \u00a0 \u00a0 \u00a0 \u00a0 \u00a0 \u00a0 \u00a0 \u00a0 \u00a0 \u00a0 \u00a0 \u00a0 \u00a0 \u00a0 \u00a0 \u00a0 \u00a0Apfel<\/strong><\/p>\n<p><strong>Erdbeere\u00a0 \u00a0 \u00a0 \u00a0 \u00a0 \u00a0 \u00a0 \u00a0 \u00a0 \u00a0 \u00a0 \u00a0 \u00a0 \u00a0 \u00a0 \u00a0 \u00a0 \u00a0 \u00a0 \u00a0 \u00a0 \u00a0 \u00a0 \u00a0 \u00a0 \u00a0 \u00a0 \u00a0 \u00a0 \u00a0 \u00a0Kirsch<\/strong><\/p>\n<p><strong>Himbeere\u00a0 \u00a0 \u00a0 \u00a0 \u00a0 \u00a0 \u00a0 \u00a0 \u00a0 \u00a0 \u00a0 \u00a0 \u00a0 \u00a0 \u00a0 \u00a0 \u00a0 \u00a0 \u00a0 \u00a0 \u00a0 \u00a0 \u00a0 \u00a0 \u00a0 \u00a0 \u00a0 \u00a0 \u00a0 \u00a0 Zitrone<\/strong><\/p>\n<p><strong>Waldbeere\u00a0 \u00a0 \u00a0 \u00a0 \u00a0 \u00a0 \u00a0 \u00a0 \u00a0 \u00a0 \u00a0 \u00a0 \u00a0 \u00a0 \u00a0 \u00a0 \u00a0 \u00a0 \u00a0 \u00a0 \u00a0 \u00a0 \u00a0 \u00a0 \u00a0 \u00a0 \u00a0 \u00a0 \u00a0 Banane<\/strong><\/p>\n<p><strong>Heidelbeere\u00a0 \u00a0 \u00a0 \u00a0 \u00a0 \u00a0 \u00a0 \u00a0 \u00a0 \u00a0 \u00a0 \u00a0 \u00a0 \u00a0 \u00a0 \u00a0 \u00a0 \u00a0 \u00a0 \u00a0 \u00a0 \u00a0 \u00a0 \u00a0 \u00a0 \u00a0 \u00a0 \u00a0Orange<\/strong><\/p>\n<p><strong>Mandarine\u00a0 \u00a0 \u00a0 \u00a0 \u00a0 \u00a0 \u00a0 \u00a0 \u00a0 \u00a0 \u00a0 \u00a0 \u00a0 \u00a0 \u00a0 \u00a0 \u00a0 \u00a0 \u00a0 \u00a0 \u00a0 \u00a0 \u00a0 \u00a0 \u00a0 \u00a0 \u00a0 \u00a0 \u00a0Mascarpone<\/strong><\/p>\n<p><strong><\/strong><\/p>\n<p><strong><\/strong><\/p>\n<h1 style=\"text-align: center;\"><strong><\/strong><\/h1>\n<h1 style=\"text-align: center;\"><strong><\/strong><\/h1>\n<h1 style=\"text-align: center;\"><strong>\u00a0 \u00a0 \u00a0 \u00a0 \u00a0 \u00a0 \u00a0 \u00a0 \u00a0 \u00a0 \u00a0 \u00a0 \u00a0 \u00a0 \u00a0 \u00a0 \u00a0 \u00a0 \u00a0 \u00a0 \u00a0 \u00a0 \u00a0 \u00a0 \u00a0 \u00a0 \u00a0 \u00a0 \u00a0 \u00a0 \u00a0 \u00a0 \u00a0 \u00a0 \u00a0 \u00a0 \u00a0 \u00a0 \u00a0 \u00a0 \u00a0 \u00a0 \u00a0 \u00a0 \u00a0 \u00a0 \u00a0 \u00a0 \u00a0 \u00a0 \u00a0 \u00a0 \u00a0 \u00a0 \u00a0 \u00a0 \u00a0 \u00a0 \u00a0 \u00a0 \u00a0 \u00a0 \u00a0 \u00a0 \u00a0 \u00a0 \u00a0 \u00a0 \u00a0 \u00a0 \u00a0 \u00a0 \u00a0 \u00a0 \u00a0 \u00a0 \u00a0 \u00a0 \u00a0 \u00a0 \u00a0 \u00a0 \u00a0 \u00a0 \u00a0 \u00a0 \u00a0 \u00a0 \u00a0 \u00a0 \u00a0 \u00a0 \u00a0 \u00a0 \u00a0 \u00a0 \u00a0 \u00a0 \u00a0 \u00a0 \u00a0 \u00a0 \u00a0 \u00a0 \u00a0 \u00a0 \u00a0 \u00a0 \u00a0 \u00a0 \u00a0 \u00a0 \u00a0 \u00a0 \u00a0 \u00a0 \u00a0 \u00a0 \u00a0 \u00a0 \u00a0 \u00a0 \u00a0 \u00a0 \u00a0 \u00a0 \u00a0 \u00a0 \u00a0 \u00a0 \u00a0 \u00a0 \u00a0 \u00a0 \u00a0 \u00a0 \u00a0 \u00a0 \u00a0 \u00a0 \u00a0 \u00a0 \u00a0 \u00a0 \u00a0 \u00a0 \u00a0 \u00a0 \u00a0 \u00a0 \u00a0 \u00a0 \u00a0 \u00a0 \u00a0 \u00a0 \u00a0 \u00a0 \u00a0 \u00a0 \u00a0 \u00a0 \u00a0 \u00a0 \u00a0 \u00a0 \u00a0 \u00a0 \u00a0 \u00a0 \u00a0 \u00a0 \u00a0 \u00a0 \u00a0 \u00a0 \u00a0 \u00a0 \u00a0 \u00a0 \u00a0\u00a0<\/strong><strong><\/strong><\/h1>[\/et_pb_text][et_pb_text admin_label=&#8220;Text&#8220; _builder_version=&#8220;4.27.6&#8243; text_font=&#8220;|600|||||||&#8220; text_text_color=&#8220;#000000&#8243; text_font_size=&#8220;20px&#8220; text_line_height=&#8220;1.8em&#8220; background_size=&#8220;initial&#8220; background_position=&#8220;top_left&#8220; background_repeat=&#8220;repeat&#8220; custom_padding=&#8220;30px||0px&#8220; hover_enabled=&#8220;0&#8243; global_colors_info=&#8220;{}&#8220; sticky_enabled=&#8220;0&#8243;]<h3><!-- \/wp:list --><\/h3>\n<h3><!-- \/wp:list --><\/h3>\n<h3><!-- \/wp:list --><\/h3>\n<p style=\"text-align: center;\"><!-- wp:paragraph -->Alle F\u00fcllungen sind mit Konfit\u00fcre, frischem Obst der Saison, Schokost\u00fcckchen oder Nussst\u00fcckchen kombinierbar.<\/p>\n<p style=\"text-align: center;\">Desweiteren kann man auch F\u00fcllungen kombinieren, z. B. Schokobuttercreme mit Erdbeerbuttercreme, etc.<\/p>\n<p style=\"text-align: center;\">Pro Torte sind 2 verschiedene F\u00fcllungen m\u00f6glich.<\/p>\n<p style=\"text-align: center;\">Bei einer mehrst\u00f6ckigen Torte k\u00f6nnen ebenfalls in jeder einzelnen Tortenschicht 2 verschiedene F\u00fcllungen rein.<\/p>\n<p style=\"text-align: center;\"><strong>Da ich meine Torten in verschiedenen Gr\u00f6\u00dfen individuell herstelle, variieren die Preise.<\/strong><\/p>\n<p style=\"text-align: center;\"><strong><\/strong><\/p>\n<p style=\"text-align: center;\">\u00a0 \u00a0 \u00a0 \u00a0 \u00a0 \u00a0 \u00a0 \u00a0 \u00a0 \u00a0 \u00a0 \u00a0 \u00a0Eine Biscuittorte mit einem 25 cm Durchmesser und einer einfachen Cremef\u00fcllung\u00a0 \u00a0 \u00a0 \u00a0 \u00a0 \u00a0 \u00a0 \u00a0 \u00a0 \u00a0 \u00a0 \u00a0 \u00a0 \u00a0 \u00a0 \u00a0 \u00a0mit normaler Deko f\u00e4ngt z. B. bei 70,- \u20ac an.<\/p>\n<p style=\"text-align: center;\">F\u00fcr die Herstellung meiner Torten verwende ich die Produkte von Funcakes aus Holland.<\/p>\n<p style=\"text-align: center;\">(Keine Werbung durch Produktnennung)<\/p>\n<p><!-- \/wp:paragraph --><\/p>\n<p><!-- \/wp:paragraph --><\/p>\n<p><!-- wp:paragraph {\"fontSize\":\"medium\"} --><\/p>\n<p><!-- \/wp:paragraph --><\/p>[\/et_pb_text][et_pb_text _builder_version=&#8220;4.16&#8243; text_font=&#8220;|600|||||||&#8220; text_text_color=&#8220;#000000&#8243; text_font_size=&#8220;20px&#8220; text_line_height=&#8220;1.8em&#8220; background_color=&#8220;#ffffff&#8220; text_orientation=&#8220;center&#8220; border_width_all=&#8220;10px&#8220; border_color_all=&#8220;rgba(191,191,191,0.27)&#8220; border_style_all=&#8220;groove&#8220; global_colors_info=&#8220;{}&#8220;]<p>Auf Wunsch erstelle ich eine Allergieliste, die ich dem Geb\u00e4ck bei Abholung beilege.<\/p>[\/et_pb_text][\/et_pb_column][\/et_pb_row][\/et_pb_section]","protected":false},"excerpt":{"rendered":"<p>Tortenf\u00fcllungen&nbsp; Meine Torten bestehen aus Vanillebiscuit und Schokobiscuit. F\u00fcr meine Motivtorten verwende ich eine leichte Buttercremef\u00fcllung mit folgenden Geschmacksrichtungen: &nbsp; Buttercremef\u00fcllungen Vanille\u00a0 \u00a0 \u00a0 \u00a0 \u00a0 \u00a0 \u00a0 \u00a0 \u00a0 \u00a0 \u00a0 \u00a0 \u00a0 \u00a0 \u00a0 \u00a0 \u00a0 \u00a0 \u00a0 \u00a0 \u00a0 \u00a0 \u00a0 \u00a0 \u00a0 \u00a0 \u00a0 \u00a0 \u00a0 \u00a0 \u00a0 \u00a0 Schoko Vanille [&hellip;]<\/p>\n","protected":false},"author":1,"featured_media":0,"parent":0,"menu_order":0,"comment_status":"closed","ping_status":"closed","template":"","meta":{"_et_pb_use_builder":"on","_et_pb_old_content":"<!-- wp:paragraph -->\n<p>Meine Torten bestehen aus Vanillebiscuit und Schokobiscuit. Ich biete auch glutenfreien Biscuit und glutenfreie Cupcakes, sowie glutenfreie Buttercreme an.<\/p>\n<!-- \/wp:paragraph -->\n\n<!-- wp:paragraph -->\n<p>F\u00fcr meine Motivtorten verwende ich meistens eine leichte Buttercremef\u00fcllung, die ich in fast allen Geschmacksrichtungen herstellen kann.<\/p>\n<!-- \/wp:paragraph -->\n\n<!-- wp:paragraph -->\n<p>Zum Beispiel:<\/p>\n<!-- \/wp:paragraph -->\n\n<!-- wp:list -->\n<ul><li>Vanille<\/li><li>Schokolade<\/li><li>Mokka<\/li><li>Nu\u00df<\/li><li>Eierlik\u00f6r, Baileys<\/li><li>Erdbeer, Banane, Kirsch, Johannisbeer, Mango, Mandarine, Heidelbeer, Pfirsich, Ananas, etc.<\/li><li>Mehrfrucht wie Pfirsich-Maracuja, Multivitamin, etc.<\/li><\/ul>\n<!-- \/wp:list -->\n\n<!-- wp:paragraph -->\n<p>Weitere F\u00fcllungen:<\/p>\n<!-- \/wp:paragraph -->\n\n<!-- wp:list -->\n<ul><li>Pudding (Vanille, Schoko, Nu\u00df, Mokka, fruchtig)<\/li><li>Ganache<\/li><li>Raffaellocreme, Giottocreme, Rochercreme, After eightcreme, etc.<\/li><\/ul>\n<!-- \/wp:list -->\n\n<!-- wp:paragraph -->\n<p>Sahnef\u00fcllungen:<\/p>\n<!-- \/wp:paragraph -->\n\n<!-- wp:list -->\n<ul><li>Sahne pur                       <\/li><li>K\u00e4sesahne                            <\/li><li>Schokolade<\/li><li>Eierlik\u00f6r<\/li><li>Nu\u00df<\/li><li>Erdbeer, Banane, Kirsch, Johannisbeer, Waldfrucht, Himbeer, Zitrone, Ananas, Mandarine, Birne, Apfel, etc.<\/li><li>Pfirsich-Maracuja, Kirsch-Banane, Mango-Aprikose, Ananas-Kokos<\/li><li>Heidelbeer-Buttermilch<\/li><\/ul>\n<!-- \/wp:list -->\n\n<!-- wp:paragraph -->\n<p>Alle F\u00fcllungen sind mit Konfit\u00fcre oder frischem Obst kombinierbar.<\/p>\n<!-- \/wp:paragraph -->\n\n<!-- wp:paragraph -->\n<p>Desweiteren kann man auch F\u00fcllungen kombinieren, z. B. Schokobuttercreme mit Erdbeerbuttercreme, etc.<\/p>\n<!-- \/wp:paragraph -->\n\n<!-- wp:paragraph {\"fontSize\":\"medium\"} -->\n<p class=\"has-medium-font-size\"><strong>Da ich meine Torten in verschiedenen Gr\u00f6\u00dfen individuell herstelle, variieren die Preise.<\/strong><\/p>\n<!-- \/wp:paragraph -->","_et_gb_content_width":"","footnotes":""},"class_list":["post-614","page","type-page","status-publish","hentry"],"_links":{"self":[{"href":"https:\/\/heidis-kuchenkreationen.de\/wordpress\/wp-json\/wp\/v2\/pages\/614","targetHints":{"allow":["GET"]}}],"collection":[{"href":"https:\/\/heidis-kuchenkreationen.de\/wordpress\/wp-json\/wp\/v2\/pages"}],"about":[{"href":"https:\/\/heidis-kuchenkreationen.de\/wordpress\/wp-json\/wp\/v2\/types\/page"}],"author":[{"embeddable":true,"href":"https:\/\/heidis-kuchenkreationen.de\/wordpress\/wp-json\/wp\/v2\/users\/1"}],"replies":[{"embeddable":true,"href":"https:\/\/heidis-kuchenkreationen.de\/wordpress\/wp-json\/wp\/v2\/comments?post=614"}],"version-history":[{"count":34,"href":"https:\/\/heidis-kuchenkreationen.de\/wordpress\/wp-json\/wp\/v2\/pages\/614\/revisions"}],"predecessor-version":[{"id":4238,"href":"https:\/\/heidis-kuchenkreationen.de\/wordpress\/wp-json\/wp\/v2\/pages\/614\/revisions\/4238"}],"wp:attachment":[{"href":"https:\/\/heidis-kuchenkreationen.de\/wordpress\/wp-json\/wp\/v2\/media?parent=614"}],"curies":[{"name":"wp","href":"https:\/\/api.w.org\/{rel}","templated":true}]}}