{"id":13,"date":"2019-01-18T10:34:47","date_gmt":"2019-01-18T09:34:47","guid":{"rendered":"http:\/\/heidis-kuchenkreationen.com\/wordpress\/?page_id=13"},"modified":"2026-01-27T18:49:18","modified_gmt":"2026-01-27T17:49:18","slug":"ueber-uns","status":"publish","type":"page","link":"https:\/\/heidis-kuchenkreationen.de\/wordpress\/ueber-uns\/","title":{"rendered":"\u00dcber mich"},"content":{"rendered":"[et_pb_section fb_built=&#8220;1&#8243; admin_label=&#8220;section&#8220; _builder_version=&#8220;4.16&#8243; background_color=&#8220;rgba(12,113,195,0.15)&#8220; global_colors_info=&#8220;{}&#8220;][et_pb_row _builder_version=&#8220;4.16&#8243; locked=&#8220;off&#8220; global_colors_info=&#8220;{}&#8220;][et_pb_column type=&#8220;4_4&#8243; _builder_version=&#8220;4.16&#8243; custom_padding=&#8220;|||&#8220; global_colors_info=&#8220;{}&#8220; custom_padding__hover=&#8220;|||&#8220;][et_pb_text _builder_version=&#8220;4.16&#8243; header_font=&#8220;Alex Brush|700|||||||&#8220; header_text_color=&#8220;#c88bda&#8220; header_font_size=&#8220;50px&#8220; header_letter_spacing=&#8220;4px&#8220; header_line_height=&#8220;0.9em&#8220; max_width=&#8220;60%&#8220; module_alignment=&#8220;center&#8220; custom_padding=&#8220;15px||&#8220; border_radii=&#8220;on|30px|30px|30px|30px&#8220; border_width_all=&#8220;5px&#8220; border_color_all=&#8220;rgba(37,209,221,0.28)&#8220; border_style_all=&#8220;groove&#8220; global_colors_info=&#8220;{}&#8220;]<h1 style=\"text-align: center;\">\u00dcber mich<\/h1>[\/et_pb_text][\/et_pb_column][\/et_pb_row][et_pb_row column_structure=&#8220;1_2,1_2&#8243; _builder_version=&#8220;4.16&#8243; global_colors_info=&#8220;{}&#8220;][et_pb_column type=&#8220;1_2&#8243; _builder_version=&#8220;4.16&#8243; custom_padding=&#8220;|||&#8220; global_colors_info=&#8220;{}&#8220; custom_padding__hover=&#8220;|||&#8220;][et_pb_image src=&#8220;https:\/\/heidis-kuchenkreationen.com\/wordpress\/wp-content\/uploads\/2026\/01\/IMG_20260127_184529.jpg&#8220; align=&#8220;center&#8220; align_tablet=&#8220;center&#8220; align_phone=&#8220;center&#8220; align_last_edited=&#8220;on|desktop&#8220; _builder_version=&#8220;4.27.4&#8243; max_width=&#8220;50%&#8220; custom_margin=&#8220;|0px||80px&#8220; custom_padding=&#8220;25px|0px||0px&#8220; hover_enabled=&#8220;0&#8243; box_shadow_style=&#8220;preset2&#8243; box_shadow_horizontal=&#8220;19px&#8220; box_shadow_vertical=&#8220;24px&#8220; box_shadow_blur=&#8220;29px&#8220; global_colors_info=&#8220;{}&#8220; sticky_enabled=&#8220;0&#8243;][\/et_pb_image][\/et_pb_column][et_pb_column type=&#8220;1_2&#8243; _builder_version=&#8220;4.16&#8243; custom_padding=&#8220;|||&#8220; global_colors_info=&#8220;{}&#8220; custom_padding__hover=&#8220;|||&#8220;][et_pb_text _builder_version=&#8220;4.16&#8243; text_font=&#8220;|600|||||||&#8220; text_text_color=&#8220;#000000&#8243; text_font_size=&#8220;20px&#8220; text_line_height=&#8220;1.8em&#8220; custom_margin=&#8220;0px|||0px&#8220; global_colors_info=&#8220;{}&#8220;]<p style=\"text-align: left;\">Mein Name ist Heidi Huppertz und ich wohne im Kreis Heinsberg.<\/p>\n<p style=\"text-align: left;\">Backen ist schon lange meine Leidenschaft. Alles fing mit Lumara<span>\u00ae<\/span>\u00a0an, dem Backen ohne Boden. Meine Familie und Freunde mussten immer zum Verk\u00f6stigen herhalten. Als der Kreis gr\u00f6\u00dfer wurde und Freunde von Freunden auch Torten von mir haben wollten, reifte in mir der Gedanke, mich als Kleinunternehmerin selbstst\u00e4ndig zu machen.<\/p>[\/et_pb_text][\/et_pb_column][\/et_pb_row][et_pb_row admin_label=&#8220;row&#8220; _builder_version=&#8220;4.16&#8243; background_size=&#8220;initial&#8220; background_position=&#8220;top_left&#8220; background_repeat=&#8220;repeat&#8220; custom_padding=&#8220;0|0px|25.2604px|0px|false|false&#8220; global_colors_info=&#8220;{}&#8220;][et_pb_column type=&#8220;4_4&#8243; _builder_version=&#8220;4.16&#8243; custom_padding=&#8220;|||&#8220; global_colors_info=&#8220;{}&#8220; custom_padding__hover=&#8220;|||&#8220;][et_pb_text _builder_version=&#8220;4.16&#8243; text_font=&#8220;|600|||||||&#8220; text_text_color=&#8220;#000000&#8243; text_font_size=&#8220;20px&#8220; custom_margin=&#8220;0px||-40px&#8220; global_colors_info=&#8220;{}&#8220;][\/et_pb_text][et_pb_text admin_label=&#8220;Text&#8220; _builder_version=&#8220;4.16&#8243; text_font=&#8220;|600|||||||&#8220; text_text_color=&#8220;#000000&#8243; text_font_size=&#8220;20px&#8220; text_line_height=&#8220;2em&#8220; header_font=&#8220;Alex Brush|700|||||||&#8220; header_font_size=&#8220;40px&#8220; header_3_font=&#8220;||||||||&#8220; header_5_font=&#8220;|600|||||||&#8220; header_5_text_align=&#8220;left&#8220; header_5_font_size=&#8220;20px&#8220; header_5_letter_spacing=&#8220;1px&#8220; background_size=&#8220;initial&#8220; background_position=&#8220;top_left&#8220; background_repeat=&#8220;repeat&#8220; global_colors_info=&#8220;{}&#8220;]<p><\/p>\n<p><!-- \/wp:post-content --><\/p>\n<p>Nach ausgiebigen Informationen beim Gewerbeamt und der Handwerkskammer Aachen startete ich mein Projekt. Ich richtete mir eine eigene Backstube ein und legte im September 2017 meine Pr\u00fcfung bei einem vereidigten Sachverst\u00e4ndigen der HWK Aachen ab.<\/p>\n<p><!-- \/wp:paragraph --><\/p>\n<p><!-- wp:paragraph -->Seit dem 01.11.2017 bin ich nun offiziell als B\u00e4ckerin im Bereich s\u00fc\u00dfer Backwaren eingetragen.<\/p>\n<p><!-- \/wp:paragraph --><\/p>\n<p><!-- wp:paragraph -->Es macht mir viel Freude individuelle Torten zu kreieren und ich hoffe, ich kann damit ganz vielen Menschen strahlende Augen und ein L\u00e4cheln ins Gesicht zaubern.<\/p>\n<p><!-- \/wp:paragraph --><\/p>\n<p><!-- wp:paragraph -->Liebe Gr\u00fc\u00dfe, Eure<\/p>\n<h1><em>Heidi<\/em><\/h1>\n<p><!-- \/wp:paragraph --><\/p>\n<p><!-- wp:paragraph --><\/p>\n<p><!-- \/wp:paragraph --><\/p>[\/et_pb_text][\/et_pb_column][\/et_pb_row][\/et_pb_section]","protected":false},"excerpt":{"rendered":"<p>\u00dcber michMein Name ist Heidi Huppertz und ich wohne im Kreis Heinsberg. Backen ist schon lange meine Leidenschaft. Alles fing mit Lumara\u00ae\u00a0an, dem Backen ohne Boden. Meine Familie und Freunde mussten immer zum Verk\u00f6stigen herhalten. Als der Kreis gr\u00f6\u00dfer wurde und Freunde von Freunden auch Torten von mir haben wollten, reifte in mir der Gedanke, [&hellip;]<\/p>\n","protected":false},"author":1,"featured_media":0,"parent":0,"menu_order":0,"comment_status":"closed","ping_status":"closed","template":"","meta":{"_et_pb_use_builder":"on","_et_pb_old_content":"<!-- wp:image {\"id\":640,\"width\":94,\"height\":125} -->\n<figure class=\"wp-block-image is-resized\"><img src=\"http:\/\/heidis-kuchenkreationen.com\/wordpress\/wp-content\/uploads\/2019\/01\/IMG_20181119_1412031.jpg\" alt=\"\" class=\"wp-image-640\" width=\"94\" height=\"125\"\/><\/figure>\n<!-- \/wp:image -->\n\n<!-- wp:paragraph -->\n<p><em>Mein Name ist Heidi Huppertz und ich wohne im Kreis Heinsberg.<\/em><\/p>\n<!-- \/wp:paragraph -->\n\n<!-- wp:paragraph -->\n<p><em>Backen ist schon lange meine Leidenschaft. Alles fing mit Lumara an, dem Backen ohne Boden. Meine Familie und Freunde mussten immer zum Verk\u00f6stigen herhalten. Als der Kreis gr\u00f6\u00dfer wurde und Freunde von Freunden auch Torten von mir haben wollten, reifte in mir der Gedanke, mich als Kleinunternehmerin selbstst\u00e4ndig zu machen. Nach ausgiebigen Informationen beim Gewerbeamt und der Handwerkskammer Aachen startete ich mein Projekt. Ich richtete mir eine eigene Backstube ein und legte im September 2017 meine Pr\u00fcfung bei einem vereidigten Sachverst\u00e4ndigen der HWK Aachen ab.<\/em><\/p>\n<!-- \/wp:paragraph -->\n\n<!-- wp:paragraph -->\n<p><em>Seit dem 01.11.2017 bin ich nun offiziell als B\u00e4ckerin im Bereich s\u00fc\u00dfer Backwaren eingetragen.<\/em><\/p>\n<!-- \/wp:paragraph -->\n\n<!-- wp:paragraph -->\n<p><em>Es macht mir viel Freude individuelle Torten zu kreieren und ich hoffe, ich kann damit ganz vielen Menschen strahlende Augen und ein L\u00e4cheln ins Gesicht zaubern.<\/em><\/p>\n<!-- \/wp:paragraph -->\n\n<!-- wp:paragraph -->\n<p><em>Liebe Gr\u00fc\u00dfe, Eure Heidi<\/em><\/p>\n<!-- \/wp:paragraph -->\n\n<!-- wp:paragraph -->\n<p><\/p>\n<!-- \/wp:paragraph -->","_et_gb_content_width":"","footnotes":""},"class_list":["post-13","page","type-page","status-publish","hentry"],"_links":{"self":[{"href":"https:\/\/heidis-kuchenkreationen.de\/wordpress\/wp-json\/wp\/v2\/pages\/13","targetHints":{"allow":["GET"]}}],"collection":[{"href":"https:\/\/heidis-kuchenkreationen.de\/wordpress\/wp-json\/wp\/v2\/pages"}],"about":[{"href":"https:\/\/heidis-kuchenkreationen.de\/wordpress\/wp-json\/wp\/v2\/types\/page"}],"author":[{"embeddable":true,"href":"https:\/\/heidis-kuchenkreationen.de\/wordpress\/wp-json\/wp\/v2\/users\/1"}],"replies":[{"embeddable":true,"href":"https:\/\/heidis-kuchenkreationen.de\/wordpress\/wp-json\/wp\/v2\/comments?post=13"}],"version-history":[{"count":32,"href":"https:\/\/heidis-kuchenkreationen.de\/wordpress\/wp-json\/wp\/v2\/pages\/13\/revisions"}],"predecessor-version":[{"id":4205,"href":"https:\/\/heidis-kuchenkreationen.de\/wordpress\/wp-json\/wp\/v2\/pages\/13\/revisions\/4205"}],"wp:attachment":[{"href":"https:\/\/heidis-kuchenkreationen.de\/wordpress\/wp-json\/wp\/v2\/media?parent=13"}],"curies":[{"name":"wp","href":"https:\/\/api.w.org\/{rel}","templated":true}]}}